{"id":176,"date":"2025-08-06T12:06:50","date_gmt":"2025-08-06T15:06:50","guid":{"rendered":"http:\/\/unidosdoviradouro.com\/?page_id=176"},"modified":"2025-09-26T19:10:56","modified_gmt":"2025-09-26T22:10:56","slug":"ficha-tecnica","status":"publish","type":"page","link":"https:\/\/unidosdoviradouro.com\/index.php\/ficha-tecnica\/","title":{"rendered":"Ficha T\u00e9cnica"},"content":{"rendered":"\t\t<div data-elementor-type=\"wp-page\" data-elementor-id=\"176\" class=\"elementor elementor-176\" data-elementor-post-type=\"page\">\n\t\t\t\t<div class=\"elementor-element elementor-element-a98961e e-flex e-con-boxed e-con e-parent\" data-id=\"a98961e\" data-element_type=\"container\" data-settings=\"{&quot;background_background&quot;:&quot;classic&quot;}\">\n\t\t\t\t\t<div class=\"e-con-inner\">\n\t\t\t\t\t<\/div>\n\t\t\t\t<\/div>\n\t\t<div class=\"elementor-element elementor-element-86d66e9 e-flex e-con-boxed e-con e-parent\" data-id=\"86d66e9\" data-element_type=\"container\" data-settings=\"{&quot;background_background&quot;:&quot;classic&quot;}\">\n\t\t\t\t\t<div class=\"e-con-inner\">\n\t\t\t\t\t<\/div>\n\t\t\t\t<\/div>\n\t\t<div class=\"elementor-element elementor-element-f345e3b e-flex e-con-boxed e-con e-parent\" data-id=\"f345e3b\" data-element_type=\"container\">\n\t\t\t\t\t<div class=\"e-con-inner\">\n\t\t<div class=\"elementor-element elementor-element-884039d e-flex e-con-boxed e-con e-child\" data-id=\"884039d\" data-element_type=\"container\">\n\t\t\t\t\t<div class=\"e-con-inner\">\n\t\t\t\t<div class=\"elementor-element elementor-element-492d70d elementor-widget elementor-widget-heading\" data-id=\"492d70d\" data-element_type=\"widget\" data-widget_type=\"heading.default\">\n\t\t\t\t\t<h2 class=\"elementor-heading-title elementor-size-default\">Ficha<\/h2>\t\t\t\t<\/div>\n\t\t\t\t<div class=\"elementor-element elementor-element-1897677 elementor-widget elementor-widget-heading\" data-id=\"1897677\" data-element_type=\"widget\" data-widget_type=\"heading.default\">\n\t\t\t\t\t<h2 class=\"elementor-heading-title elementor-size-default\">T\u00e9cnica<\/h2>\t\t\t\t<\/div>\n\t\t\t\t\t<\/div>\n\t\t\t\t<\/div>\n\t\t<div class=\"elementor-element elementor-element-a6b6c47 e-con-full e-flex e-con e-child\" data-id=\"a6b6c47\" data-element_type=\"container\">\n\t\t\t\t<div class=\"elementor-element elementor-element-13e87fe elementor-widget elementor-widget-text-editor\" data-id=\"13e87fe\" data-element_type=\"widget\" data-widget_type=\"text-editor.default\">\n\t\t\t\t\t\t\t\t\t<p><strong>PRESIDENTE:<\/strong> H\u00c9LIO NUNES<\/p><p><strong>PRESIDENTE DE HONRA:<\/strong> MARCELO CALIL PETRUS E JOS\u00c9 CARLOS MONASSA (IN MEMORIAM)<\/p><p><strong>VICE-PRESIDENTE:<\/strong> MORACY VERGAS DO AMARAL<\/p><p><strong>DIRETOR-EXECUTIVO:<\/strong> MARCELINHO CALIL<\/p><p><strong>DIRETOR DE CARNAVAL:<\/strong> ALEX FAB<\/p><p><strong>DIRE\u00c7\u00c3O DE HARMONIA:<\/strong> DUDU FALC\u00c3O, JEFFERSON COUTINHO E MARCOS MENDES<\/p><p><strong>CARNAVALESCO:<\/strong> TARC\u00cdSIO ZANON<\/p><p><strong>COMISS\u00c3O DE FRENTE:<\/strong> PRISCILA MOTA E RODRIGO NEGRI<\/p><p><strong>MESTRE DE BATERIA:<\/strong> CI\u00c7A<\/p><p><strong>RAINHA DE BATERIA:<\/strong> JULIANA PAES<\/p><p><strong>INT\u00c9RPRETE:<\/strong> WANDER PIRES<\/p><p><strong>DIRETOR MUSICAL: <\/strong>HUGO BRUNO<\/p><p><strong>1\u00ba CASAL DE MESTRE-SALA\u00a0 E PORTA-BANDEIRA:<\/strong> JULINHO NASCIMENTO E RUTE ALVES<\/p><p><strong>2\u00ba CASAL DE MESTRE-SALA\u00a0 E PORTA-BANDEIRA:<\/strong> LEONARDO THOME E PIETRA BRUM<\/p><p><strong>3\u00ba CASAL DE MESTRE-SALA\u00a0 E PORTA-BANDEIRA:<\/strong> CAU\u00c3 SILVA E CLARA MARTINS<\/p><p><strong>ENSAIADORA 1\u00ba CASAL:<\/strong> JULIANA MEZIAT<\/p><p><strong>ENSAIADORA 2\u00ba CASAL:<\/strong> ANA FORMIGUIERI<\/p><p><strong>ENSAIADORA 3\u00ba CASAL:<\/strong> VIVIANE MARTINS<\/p><p><strong>COORDENADOR DA ALA DE PASSISTAS:<\/strong> VALCI PEL\u00c9<\/p><p><strong>MAQUIAGEM ART\u00cdSTICA:<\/strong> CHRISTINA GALL<\/p><p><strong>PRESIDENTE DA ALA DE COMPOSITORES:<\/strong> GREIDE MORENO<\/p><p><strong>PRESIDENTE DA ALA DAS BAIANAS:<\/strong> TIA CL\u00c9IA<\/p><p><strong>PRESIDENTE DA GALERIA DA VELHA GUARDA:<\/strong> JOS\u00c9 LUIS LEAL FRAN\u00c7A<\/p><p><strong>DEPARTAMENTO CULTURAL:<\/strong> ANDERCL\u00c9BIO MAC\u00caDO<\/p>\t\t\t\t\t\t\t\t<\/div>\n\t\t\t\t<\/div>\n\t\t\t\t\t<\/div>\n\t\t\t\t<\/div>\n\t\t\t\t<\/div>\n\t\t","protected":false},"excerpt":{"rendered":"<p>Ficha T\u00e9cnica PRESIDENTE: H\u00c9LIO NUNES PRESIDENTE DE HONRA: MARCELO CALIL PETRUS E JOS\u00c9 CARLOS MONASSA (IN MEMORIAM) VICE-PRESIDENTE: MORACY VERGAS DO AMARAL DIRETOR-EXECUTIVO: MARCELINHO CALIL DIRETOR DE CARNAVAL: ALEX FAB DIRE\u00c7\u00c3O DE HARMONIA: DUDU FALC\u00c3O, JEFFERSON COUTINHO E MARCOS MENDES CARNAVALESCO: TARC\u00cdSIO ZANON COMISS\u00c3O DE FRENTE: PRISCILA MOTA E RODRIGO NEGRI MESTRE DE BATERIA: CI\u00c7A [&hellip;]<\/p>\n","protected":false},"author":1,"featured_media":0,"parent":0,"menu_order":0,"comment_status":"closed","ping_status":"closed","template":"elementor_header_footer","meta":{"footnotes":""},"class_list":["post-176","page","type-page","status-publish","hentry"],"_links":{"self":[{"href":"https:\/\/unidosdoviradouro.com\/index.php\/wp-json\/wp\/v2\/pages\/176","targetHints":{"allow":["GET"]}}],"collection":[{"href":"https:\/\/unidosdoviradouro.com\/index.php\/wp-json\/wp\/v2\/pages"}],"about":[{"href":"https:\/\/unidosdoviradouro.com\/index.php\/wp-json\/wp\/v2\/types\/page"}],"author":[{"embeddable":true,"href":"https:\/\/unidosdoviradouro.com\/index.php\/wp-json\/wp\/v2\/users\/1"}],"replies":[{"embeddable":true,"href":"https:\/\/unidosdoviradouro.com\/index.php\/wp-json\/wp\/v2\/comments?post=176"}],"version-history":[{"count":58,"href":"https:\/\/unidosdoviradouro.com\/index.php\/wp-json\/wp\/v2\/pages\/176\/revisions"}],"predecessor-version":[{"id":741,"href":"https:\/\/unidosdoviradouro.com\/index.php\/wp-json\/wp\/v2\/pages\/176\/revisions\/741"}],"wp:attachment":[{"href":"https:\/\/unidosdoviradouro.com\/index.php\/wp-json\/wp\/v2\/media?parent=176"}],"curies":[{"name":"wp","href":"https:\/\/api.w.org\/{rel}","templated":true}]}}