{"id":199,"date":"2025-08-06T13:08:34","date_gmt":"2025-08-06T16:08:34","guid":{"rendered":"http:\/\/unidosdoviradouro.com\/?page_id=199"},"modified":"2025-09-18T10:18:39","modified_gmt":"2025-09-18T13:18:39","slug":"historia","status":"publish","type":"page","link":"https:\/\/unidosdoviradouro.com\/index.php\/historia\/","title":{"rendered":"Hist\u00f3ria"},"content":{"rendered":"\t\t<div data-elementor-type=\"wp-page\" data-elementor-id=\"199\" class=\"elementor elementor-199\" data-elementor-post-type=\"page\">\n\t\t\t\t<div class=\"elementor-element elementor-element-a98961e e-flex e-con-boxed e-con e-parent\" data-id=\"a98961e\" data-element_type=\"container\" data-settings=\"{&quot;background_background&quot;:&quot;classic&quot;}\">\n\t\t\t\t\t<div class=\"e-con-inner\">\n\t\t\t\t\t<\/div>\n\t\t\t\t<\/div>\n\t\t<div class=\"elementor-element elementor-element-86d66e9 e-flex e-con-boxed e-con e-parent\" data-id=\"86d66e9\" data-element_type=\"container\" data-settings=\"{&quot;background_background&quot;:&quot;classic&quot;}\">\n\t\t\t\t\t<div class=\"e-con-inner\">\n\t\t\t\t\t<\/div>\n\t\t\t\t<\/div>\n\t\t<div class=\"elementor-element elementor-element-f345e3b e-flex e-con-boxed e-con e-parent\" data-id=\"f345e3b\" data-element_type=\"container\">\n\t\t\t\t\t<div class=\"e-con-inner\">\n\t\t<div class=\"elementor-element elementor-element-884039d e-flex e-con-boxed e-con e-child\" data-id=\"884039d\" data-element_type=\"container\">\n\t\t\t\t\t<div class=\"e-con-inner\">\n\t\t\t\t<div class=\"elementor-element elementor-element-492d70d elementor-widget elementor-widget-heading\" data-id=\"492d70d\" data-element_type=\"widget\" data-widget_type=\"heading.default\">\n\t\t\t\t\t<h2 class=\"elementor-heading-title elementor-size-default\">Hist\u00f3ria<\/h2>\t\t\t\t<\/div>\n\t\t\t\t\t<\/div>\n\t\t\t\t<\/div>\n\t\t<div class=\"elementor-element elementor-element-a6b6c47 e-con-full e-flex e-con e-child\" data-id=\"a6b6c47\" data-element_type=\"container\">\n\t\t\t\t<div class=\"elementor-element elementor-element-13e87fe elementor-widget elementor-widget-text-editor\" data-id=\"13e87fe\" data-element_type=\"widget\" data-widget_type=\"text-editor.default\">\n\t\t\t\t\t\t\t\t\t<p>A Unidos do Viradouro foi fundada em 24 de junho de 1946, no Barreto, em Niter\u00f3i. O nome da escola foi inspirado na regi\u00e3o onde, na \u00e9poca, passavam os bondes que transportavam a popula\u00e7\u00e3o. Diferentemente do pavilh\u00e3o atual, que \u00e9 vermelho e branco, at\u00e9 1970, as cores eram azul e rosa.<\/p>\n<p>Em quase quatro d\u00e9cadas brilhando no Carnaval niteroiense, a agremia\u00e7\u00e3o conquistou 18 t\u00edtulos, inclusive emplacou um pentacampeonato entre 1980 e 1984. A partir de 1986, a escola passou a desfilar na capital do Rio de Janeiro.<\/p>\n<p>A estreia no Grupo Especial aconteceu em 1991, e o primeiro t\u00edtulo veio em 1997, com o enredo \u201cTrevas! Luz! A Explos\u00e3o do Universo\u201d, assinado pelo ic\u00f4nico carnavalesco Jo\u00e3osinho Trinta. O tema falava sobre o Big Bang e a cria\u00e7\u00e3o do Universo. Entre as lembran\u00e7as inesquec\u00edveis daquele desfile, est\u00e3o o abre-alas todo preto e a famosa paradinha do funk na bateria, comandada pelo saudoso Mestre Jorj\u00e3o. Na ocasi\u00e3o, a escola era administrada por Jos\u00e9 Carlos Monassa.<\/p>\n<p>Vinte e tr\u00eas anos depois, sob a gest\u00e3o de Marcelo Calil e Marcelinho Calil, veio o segundo campeonato. Em 2020, com os carnavalescos Tarc\u00edsio Zanon e Marcus Ferreira, a agremia\u00e7\u00e3o levou para a Avenida o enredo \u201cViradouro de Alma Lavada\u201d. O tema contava a hist\u00f3ria das Ganhadeiras de Itapu\u00e3, um grupo de mulheres que realiza apresenta\u00e7\u00f5es musicais sobre as mem\u00f3rias das lavadeiras da Lagoa do Abaet\u00e9, na Bahia. A comiss\u00e3o de frente foi um dos pontos altos, com uma sereia dentro de um aqu\u00e1rio. O refr\u00e3o do samba-enredo, que dizia: \u201cOh, m\u00e3e, ensaboa, m\u00e3e, ensaboa, pra depois quarar\u201d, marcou o Carnaval daquele ano.<\/p>\n<p>O terceiro e mais recente t\u00edtulo veio em 2024, tamb\u00e9m com o carnavalesco Tarc\u00edsio Zanon. Em mais uma conex\u00e3o com a Bahia, o enredo apresentado na Marqu\u00eas de Sapuca\u00ed foi \u201cArroboboi, Dangb\u00e9\u201d, sobre o culto ao vodum da serpente do reino de Daom\u00e9, na \u00c1frica, e sua presen\u00e7a no Brasil. A escola apresentou mais uma comiss\u00e3o de frente hist\u00f3rica, com uma serpente de nove metros de comprimento rastejando pela Avenida. O jogo de luzes tamb\u00e9m foi um dos grandes destaques do desfile, fazendo com que algumas fantasias e alegorias brilhassem. A apresenta\u00e7\u00e3o garantiu mais um campeonato \u00e0 escola, desta vez com uma vantagem de sete d\u00e9cimos para a segunda colocada.<\/p>\n<p>Com um excelente hist\u00f3rico recente no Grupo Especial, a Viradouro est\u00e1 em primeiro lugar no ranking da Liga Independente das Escolas de Samba (LIESA). Desde 2019, foram dois campeonatos, dois vice-campeonatos, um terceiro lugar e um quarto lugar.<\/p>\n<p>Para 2026, o enredo \u00e9 \u201cPra cima, Ci\u00e7a!&#8221;. A escola ser\u00e1 a terceira a desfilar na segunda de Carnaval, 16 de fevereiro.<\/p>\t\t\t\t\t\t\t\t<\/div>\n\t\t\t\t<\/div>\n\t\t\t\t\t<\/div>\n\t\t\t\t<\/div>\n\t\t\t\t<\/div>\n\t\t","protected":false},"excerpt":{"rendered":"<p>Hist\u00f3ria A Unidos do Viradouro foi fundada em 24 de junho de 1946, no Barreto, em Niter\u00f3i. O nome da escola foi inspirado na regi\u00e3o onde, na \u00e9poca, passavam os bondes que transportavam a popula\u00e7\u00e3o. Diferentemente do pavilh\u00e3o atual, que \u00e9 vermelho e branco, at\u00e9 1970, as cores eram azul e rosa. Em quase quatro [&hellip;]<\/p>\n","protected":false},"author":1,"featured_media":0,"parent":0,"menu_order":0,"comment_status":"closed","ping_status":"closed","template":"elementor_header_footer","meta":{"footnotes":""},"class_list":["post-199","page","type-page","status-publish","hentry"],"_links":{"self":[{"href":"https:\/\/unidosdoviradouro.com\/index.php\/wp-json\/wp\/v2\/pages\/199","targetHints":{"allow":["GET"]}}],"collection":[{"href":"https:\/\/unidosdoviradouro.com\/index.php\/wp-json\/wp\/v2\/pages"}],"about":[{"href":"https:\/\/unidosdoviradouro.com\/index.php\/wp-json\/wp\/v2\/types\/page"}],"author":[{"embeddable":true,"href":"https:\/\/unidosdoviradouro.com\/index.php\/wp-json\/wp\/v2\/users\/1"}],"replies":[{"embeddable":true,"href":"https:\/\/unidosdoviradouro.com\/index.php\/wp-json\/wp\/v2\/comments?post=199"}],"version-history":[{"count":56,"href":"https:\/\/unidosdoviradouro.com\/index.php\/wp-json\/wp\/v2\/pages\/199\/revisions"}],"predecessor-version":[{"id":615,"href":"https:\/\/unidosdoviradouro.com\/index.php\/wp-json\/wp\/v2\/pages\/199\/revisions\/615"}],"wp:attachment":[{"href":"https:\/\/unidosdoviradouro.com\/index.php\/wp-json\/wp\/v2\/media?parent=199"}],"curies":[{"name":"wp","href":"https:\/\/api.w.org\/{rel}","templated":true}]}}