{"id":311,"date":"2025-08-06T18:49:52","date_gmt":"2025-08-06T21:49:52","guid":{"rendered":"http:\/\/unidosdoviradouro.com\/?page_id=311"},"modified":"2025-09-26T19:19:33","modified_gmt":"2025-09-26T22:19:33","slug":"enredo","status":"publish","type":"page","link":"https:\/\/unidosdoviradouro.com\/index.php\/enredo\/","title":{"rendered":"Enredo"},"content":{"rendered":"\t\t<div data-elementor-type=\"wp-page\" data-elementor-id=\"311\" class=\"elementor elementor-311\" data-elementor-post-type=\"page\">\n\t\t\t\t<div class=\"elementor-element elementor-element-a98961e e-flex e-con-boxed e-con e-parent\" data-id=\"a98961e\" data-element_type=\"container\" data-settings=\"{&quot;background_background&quot;:&quot;classic&quot;}\">\n\t\t\t\t\t<div class=\"e-con-inner\">\n\t\t\t\t\t<\/div>\n\t\t\t\t<\/div>\n\t\t<div class=\"elementor-element elementor-element-86d66e9 e-flex e-con-boxed e-con e-parent\" data-id=\"86d66e9\" data-element_type=\"container\" data-settings=\"{&quot;background_background&quot;:&quot;classic&quot;}\">\n\t\t\t\t\t<div class=\"e-con-inner\">\n\t\t\t\t\t<\/div>\n\t\t\t\t<\/div>\n\t\t<div class=\"elementor-element elementor-element-f345e3b e-flex e-con-boxed e-con e-parent\" data-id=\"f345e3b\" data-element_type=\"container\">\n\t\t\t\t\t<div class=\"e-con-inner\">\n\t\t<div class=\"elementor-element elementor-element-884039d e-flex e-con-boxed e-con e-child\" data-id=\"884039d\" data-element_type=\"container\">\n\t\t\t\t\t<div class=\"e-con-inner\">\n\t\t\t\t<div class=\"elementor-element elementor-element-492d70d elementor-widget elementor-widget-heading\" data-id=\"492d70d\" data-element_type=\"widget\" data-widget_type=\"heading.default\">\n\t\t\t\t\t<h2 class=\"elementor-heading-title elementor-size-default\">Enredo<\/h2>\t\t\t\t<\/div>\n\t\t\t\t<div class=\"elementor-element elementor-element-1897677 elementor-widget elementor-widget-heading\" data-id=\"1897677\" data-element_type=\"widget\" data-widget_type=\"heading.default\">\n\t\t\t\t\t<h2 class=\"elementor-heading-title elementor-size-default\">CARNAVAL 2026<\/h2>\t\t\t\t<\/div>\n\t\t\t\t\t<\/div>\n\t\t\t\t<\/div>\n\t\t<div class=\"elementor-element elementor-element-a6b6c47 e-con-full e-flex e-con e-child\" data-id=\"a6b6c47\" data-element_type=\"container\">\n\t\t\t\t<div class=\"elementor-element elementor-element-d477c07 elementor-widget elementor-widget-image\" data-id=\"d477c07\" data-element_type=\"widget\" data-widget_type=\"image.default\">\n\t\t\t\t\t\t\t\t\t\t\t\t\t\t\t<img fetchpriority=\"high\" decoding=\"async\" width=\"1229\" height=\"1536\" src=\"https:\/\/unidosdoviradouro.com\/wp-content\/uploads\/2025\/08\/carnaval26.png\" class=\"attachment-full size-full wp-image-39\" alt=\"Arte\" srcset=\"https:\/\/unidosdoviradouro.com\/wp-content\/uploads\/2025\/08\/carnaval26.png 1229w, https:\/\/unidosdoviradouro.com\/wp-content\/uploads\/2025\/08\/carnaval26-240x300.png 240w, https:\/\/unidosdoviradouro.com\/wp-content\/uploads\/2025\/08\/carnaval26-819x1024.png 819w, https:\/\/unidosdoviradouro.com\/wp-content\/uploads\/2025\/08\/carnaval26-768x960.png 768w\" sizes=\"(max-width: 1229px) 100vw, 1229px\" \/>\t\t\t\t\t\t\t\t\t\t\t\t\t\t\t<\/div>\n\t\t\t\t<div class=\"elementor-element elementor-element-dae4f0b elementor-widget elementor-widget-heading\" data-id=\"dae4f0b\" data-element_type=\"widget\" data-widget_type=\"heading.default\">\n\t\t\t\t\t<h2 class=\"elementor-heading-title elementor-size-default\">PRA CIMA, CI\u00c7A!<\/h2>\t\t\t\t<\/div>\n\t\t\t\t<div class=\"elementor-element elementor-element-13e87fe elementor-widget elementor-widget-text-editor\" data-id=\"13e87fe\" data-element_type=\"widget\" data-widget_type=\"text-editor.default\">\n\t\t\t\t\t\t\t\t\t<p><b>ESQUENTA \u2013 ATEN\u00c7\u00c3O, SAPUCA\u00cd!<\/b><\/p><p><span style=\"font-weight: 400;\">Vai subir! Repique chama, Furac\u00e3o responde!\u00a0<\/span><\/p><p><span style=\"font-weight: 400;\">Pra cima&#8230;<\/span><\/p><p><span style=\"font-weight: 400;\">Marqu\u00eas de Sapuca\u00ed. Palco de homenagens inesquec\u00edveis a not\u00e1veis do nosso tempo. No terreiro maior do Carnaval carioca, construiu-se um tipo originalmente brasileiro de reconhecimento em vida. Atravessar em triunfo toda a extens\u00e3o do Samb\u00f3dromo ao coro de um samba de enredo, composto especialmente para reverenciar os \u00eddolos de uma na\u00e7\u00e3o, \u00e9 uma forma \u00fanica de aclama\u00e7\u00e3o popular. Um instante que fica para sempre na mem\u00f3ria afetiva de um pa\u00eds.\u00a0<\/span><\/p><p><span style=\"font-weight: 400;\">A Unidos do Viradouro, ao completar 80 anos de funda\u00e7\u00e3o em 2026, ouve o pr\u00f3prio pulsar da bateria e celebra uma personalidade vital nessa trajet\u00f3ria: o sambista Moacyr da Silva Pinto, artista do nosso Carnaval. Ao completar 70 anos de vida e 55 anos do seu primeiro desfile, Mestre Ci\u00e7a cruzar\u00e1 a Sapuca\u00ed em pleno of\u00edcio. Fluente na l\u00edngua do tambor, agora \u00e9 a vez de escrever sua epopeia na melodia de um novo samba de enredo. \u00c9 a Furac\u00e3o Vermelho e Branco se olhando no espelho e dizendo&#8230;\u00a0\u00a0\u00a0<\/span><\/p><p><span style=\"font-weight: 400;\">PRA CIMA, CI\u00c7A! OS TAMBORES DE 2026 V\u00c3O RUFAR PRA VOC\u00ca!<\/span><\/p><p><b>1\u00aa CABINE \u2013 SAMBA DE SAMBAR DO EST\u00c1CIO<\/b><\/p><p><span style=\"font-weight: 400;\">Pra cima! Era aonde olhava uma cidade que despertava para um jeito diferente de fazer samba. Aut\u00eantico movimento modernista nascido nos morros, ex\u00edmios m\u00fasicos dos terreiros pintaram no Carnaval uma nova tela ao encourar instrumentos percussivos em pele e fogo. Pioneiros do Est\u00e1cio, que \u201cnum repente genial\u201d, tiveram \u201cuma ideia feliz\u201d: esculpir um majestoso le\u00e3o, pousado sobre uma carreta e levado em desfile pela rapaziada que circulava pelo S\u00e3o Carlos. Assim, o grupo fundador da Deixa Falar, agremia\u00e7\u00e3o h\u00edbrida, meio bloco, meio rancho, mas escola de samba na raiz, ergueu um totem altivo e feroz para, em torno de um \u00fanico s\u00edmbolo, reunir aquela comunidade essencialmente musical.\u00a0<\/span><\/p><p><span style=\"font-weight: 400;\">O Rio de Janeiro foi despertado no fundo da alma com a tal novidade sincopada de cad\u00eancia explosiva, embalada no Ber\u00e7o do Samba. Com o ritmo mais batucado, o tambor rugiu em \u201cpaticumbuns\u201d e \u201cprugurunduns\u201d. A massa entoava em coro novas melodias, com notas mais alongadas que as do maxixe e outras modas. No compasso dessa novidade un\u00edssona com a realidade urbana carioca, o \u201csamba de sambar\u201d provocava o corpo de cada sambista, que passou a caminhar e a gingar com mais malemol\u00eancia.\u00a0<\/span><\/p><p><span style=\"font-weight: 400;\">Em tempos de Unidos de S\u00e3o Carlos, na zona do Mangue, hoje palco da nossa concentra\u00e7\u00e3o, a comunidade atravessava o baixo meretr\u00edcio fantasiada com a eleg\u00e2ncia de realeza foli\u00e3. Rufi\u00f5es e mariposas vigiavam a Lua, enquanto virtuoses batuqueiros escreviam poemas sonoros em surdos, cu\u00edcas, reco-recos e pandeiros. Nesse ber\u00e7\u00e1rio de feras, um filhote de le\u00e3o brincava de Carnaval e, em 1971, tornou-se passista da S\u00e3o Carlos. Mas tamb\u00e9m riscou o ch\u00e3o em giros e mesuras como mestre-sala do Bloco dos Peninhas, uma dentre muitas agremia\u00e7\u00f5es carnavalescas do bairro. Depois de escrever o samba em bailado, aprendeu a desenh\u00e1-lo em arranjos percussivos.\u00a0<\/span><\/p><p><b>2\u00aa CABINE \u2013 O REI DOS NAIPES<\/b><\/p><p><span style=\"font-weight: 400;\">Ali, onde flanava a nata da boemia estaciana a solu\u00e7ar \u201cbem alto o cavaquinho\u201d, o franzino Moacyr foi aprender as manhas do jogo da percuss\u00e3o at\u00e9 dar as cartas e se afirmar como CI\u00c7A (assim mesmo, em CAIXA ALTA), continuando a revolu\u00e7\u00e3o r\u00edtmica no time do le\u00e3o vermelho e branco. Baqueta partida, caixa de guerra ao alto, toque pra frente&#8230; era a busca da levada perfeita.\u00a0\u00a0<\/span><\/p><p><span style=\"font-weight: 400;\">Na disputa carnavalesca de 1989 pela Est\u00e1cio de S\u00e1, o jogo virou e Ci\u00e7a estreou como o Rei dos Naipes, com escudeiros fi\u00e9is que seguiram o comando da sua batuta. Com o enredo \u201cUm Dois, Feij\u00e3o com Arroz\u201d, o novo Mestre j\u00e1 foi jogando seu \u201ctempero especial\u201d cheio de molho nas pe\u00e7as leves e na \u201ccozinha\u201d, mostrando que viria pra cima com seus achados percussivos. Mas foi na suspens\u00e3o do som em bossa desvairada que se desenhou a trilha para o primeiro t\u00edtulo.\u00a0\u00a0\u00a0\u00a0\u00a0\u00a0<\/span><\/p><p><span style=\"font-weight: 400;\">Na cad\u00eancia de um desfile consagrador, a \u201cMedalha de Ouro\u201d quebrou a banca e emoldurou o canto pintado em aquarela do inesquec\u00edvel Dominguinhos. O apito do Trenzinho do Caipira se uniu ao do Mestre, atravessando a Passarela como um monumento musical \u00e0 Semana de Arte Moderna. Era a glorifica\u00e7\u00e3o de toda aquela gente bamba do bairro que exp\u00f4s ao Brasil real as obras de uma aut\u00eantica revolu\u00e7\u00e3o art\u00edstica em forma de samba. A Est\u00e1cio deu a arte pro seu povo e n\u00e3o deu outra&#8230; LE\u00c3O NA CABE\u00c7A!<\/span><\/p><p><b>3\u00aa CABINE \u2013 OUTROS TAMBORES<\/b><\/p><p><span style=\"font-weight: 400;\">O arrojo r\u00edtmico da bateria estaciana foi conquistando a Sapuca\u00ed. E nesses dribles \u00e9picos do destino, Ci\u00e7a acabou sendo escalado para o centen\u00e1rio de duas paix\u00f5es rivais. O cora\u00e7\u00e3o cruzmaltino incendiou a arquibancada ao comandar a charanga rubro-negra em exibi\u00e7\u00e3o de gala. Mais tarde, deixou a toca do le\u00e3o para defender outras bandeiras. Desta vez, honrou o seu Gigante da Colina, agora sob o manto azul e ouro do Borel.\u00a0 Na batida do tempo, fez-se rei de muitos s\u00faditos e muitas rainhas em terras de Niter\u00f3i e de Caxias, indo, anos depois, i\u00e7ar velas rumo ao colorido mar insulano.\u00a0<\/span><\/p><p><span style=\"font-weight: 400;\">Inquieto, o Maestro do Morro imprimiu em cada bateria o registro da ousadia, cuca antenada que nunca deixou de inovar. Pausas de mil compassos, joelhos a baixo, instrumentos pra cima&#8230; Pra cima, Ci\u00e7a! (O que mais faltava inventar<\/span><span style=\"font-weight: 400;\">?<\/span><span style=\"font-weight: 400;\">)\u00a0\u00a0\u00a0\u00a0<\/span><\/p><p><span style=\"font-weight: 400;\">Ainda no primeiro tempo do jogo com a Viradouro, elevou suas pe\u00e7as ao patamar do imposs\u00edvel. Ao tirar o f\u00f4lego da Avenida suspendendo a bateria, a arquibancada foi ao \u00eaxtase! Toque de Mestre em pegada de magia.\u00a0\u00a0<\/span><\/p><p><span style=\"font-weight: 400;\">Feiticeiro das invoca\u00e7\u00f5es das inquices, do Ijex\u00e1 ao povo das \u00e1guas e do Adarrum aos voduns, foi a fundo nas ra\u00edzes m\u00edsticas do tambor para decretar:\u00a0 \u201cVAI TER MUITA MACUMBA NA AVENIDA\u201d. Atabaques chamaram o sagrado e ergueram a vit\u00f3ria, consagrando-o premiado e duas vezes campe\u00e3o.\u00a0<\/span><\/p><p><span style=\"font-weight: 400;\">O resto&#8230; \u00e9 samba que ainda vai nascer&#8230;\u00a0\u00a0\u00a0<\/span><\/p><p><b>4\u00aa CABINE \u2013 BONDE DO CAVEIRA<\/b><\/p><p><span style=\"font-weight: 400;\">Nessas andan\u00e7as e mem\u00f3rias, Ci\u00e7a foi tra\u00e7ando seu estilo arrojado nas agremia\u00e7\u00f5es pelas quais passou. A hist\u00f3ria das escolas de samba n\u00e3o \u00e9 regida apenas pelas disputas, mas pelo sangue da m\u00fasica que corre nas veias de cada ritmista. Trilha composta em agudos e graves, tempo e contratempo nas oscila\u00e7\u00f5es do andamento da vida, mas sempre com pegada pra frente.\u00a0<\/span><\/p><p><span style=\"font-weight: 400;\">Dos fantasmas do percurso, \u00e0s gl\u00f3rias do of\u00edcio, o Mestre \u00e9 lenda viva para os que embarcam no balan\u00e7o do bonde do Caveira. Muito al\u00e9m do momento de conquistar as notas na Sapuca\u00ed, a conviv\u00eancia durante os meses que antecedem a grande noite faz da bateria um aprendizado coletivo, no verdadeiro sentido do nome escola de samba.\u00a0\u00a0<\/span><\/p><p><span style=\"font-weight: 400;\">Tanto faz se \u00e9 \u201csarapo\u201d ou \u201ccamisa 10\u201d, cada componente \u00e9 sopro na ventania. Tropa que abra\u00e7a seu Mestre soltando a m\u00e3o no couro, plangendo a cu\u00edca, vibrando como os discos met\u00e1licos do chocalho, desenhando frases no tamborim, atacando nas caixas de guerra, na chamada do repique, pulsando nas marca\u00e7\u00f5es&#8230; Legi\u00e3o que encontra na bateria o real sentido da festa: fazer o Carnaval n\u00e3o ter fim.<\/span><\/p><p><b>APOTEOSE \u2013 UM FURAC\u00c3O QUE VAI PASSAR<\/b><\/p><p><span style=\"font-weight: 400;\">O intr\u00e9pido Moacyr \u00e9 exemplo dos valores que sustentam o samba verdadeiro. Alegre, desvairado, apaixonado, da favela, popular, da amizade, do improviso, da disciplina, do jogo de cintura, do coletivo, da generosidade. Ele \u00e9 por todos e todos s\u00e3o por ele. Vendaval de ritmo que nasce em brisa de ensaio. Trov\u00e3o que ressoa em noite de Carnaval.\u00a0<\/span><\/p><p><span style=\"font-weight: 400;\">Nosso homenageado traz em si a energia de uma agremia\u00e7\u00e3o em desfile. Um Gr\u00eamio Recreativo Escola de Som que, aos 70 anos, acumula a ousadia dos mo\u00e7os e a sabedoria dos mestres.\u00a0<\/span><\/p><p><span style=\"font-weight: 400;\">Na batida do tempo, vira a esperan\u00e7a de uma garotada que se espelha no grande artista consagrado em enredo pela escola m\u00e3e.\u00a0<\/span><\/p><p><span style=\"font-weight: 400;\">Este desfile tem como Apoteose a continuidade de uma saga que n\u00e3o acaba em 80 minutos.\u00a0<\/span><\/p><p><span style=\"font-weight: 400;\">Obrigado, Mestre! E desculpe por n\u00e3o dar fim a essa hist\u00f3ria.\u00a0<\/span><\/p><p><span style=\"font-weight: 400;\">(\u00c9 que ano que vem tem mais show&#8230;)<\/span><\/p><p><span style=\"font-weight: 400;\">PRA CIMA, CI\u00c7A!<\/span><\/p><p><span style=\"font-weight: 400;\">Carnavalesco: Tarc\u00edsio Zanon<\/span><\/p><p><span style=\"font-weight: 400;\">Texto: Jo\u00e3o Gustavo Melo<\/span><\/p><p><span style=\"font-weight: 400;\">REFER\u00caNCIAS:<\/span><\/p><p><span style=\"font-weight: 400;\">CABRAL, S\u00e9rgio. <\/span><i><span style=\"font-weight: 400;\">As escolas de samba do Rio de Janeiro<\/span><\/i><span style=\"font-weight: 400;\">. Rio de Janeiro: Lumiar, 1996.<\/span><\/p><p><span style=\"font-weight: 400;\">CASTRO, Maur\u00edcio Barros de; VILHENA, Bernardo. <\/span><i><span style=\"font-weight: 400;\">Est\u00e1cio: <\/span><\/i><span style=\"font-weight: 400;\">vidas e obras<\/span><i><span style=\"font-weight: 400;\">. <\/span><\/i><span style=\"font-weight: 400;\">Rio de Janeiro: Azougue Editorial, 2013<\/span><i><span style=\"font-weight: 400;\">.\u00a0<\/span><\/i><\/p><p><span style=\"font-weight: 400;\">CAM\u00d5ES, Marcelo; FABATO, F\u00e1bio; FARIAS, Julio Cesar; SIMAS, Luiz Antonio; NATAL, Vinicius. <\/span><i><span style=\"font-weight: 400;\">As Titias da Folia: <\/span><\/i><span style=\"font-weight: 400;\">o brilho maduro de escolas de samba de alta idade. Rio de Janeiro: Novaterra, 2014.\u00a0\u00a0\u00a0\u00a0<\/span><\/p><p><span style=\"font-weight: 400;\">FRANCESCHI, Humberto Moraes. <\/span><i><span style=\"font-weight: 400;\">Samba de Sambar do Est\u00e1cio: <\/span><\/i><span style=\"font-weight: 400;\">1928 a 1931<\/span><i><span style=\"font-weight: 400;\">. <\/span><\/i><span style=\"font-weight: 400;\">S\u00e3o Paulo: Instituto Moreira Sales, 2010.<\/span><i><span style=\"font-weight: 400;\">\u00a0<\/span><\/i><\/p><p><span style=\"font-weight: 400;\">LIRA NETO. <\/span><i><span style=\"font-weight: 400;\">Uma Hist\u00f3ria do Samba: <\/span><\/i><span style=\"font-weight: 400;\">As origens. S\u00e3o Paulo:<\/span> <span style=\"font-weight: 400;\">Companhia das Letras, 2017.\u00a0<\/span><\/p><p><span style=\"font-weight: 400;\">SIMAS, Luiz Antonio; FABATO, F\u00e1bio. <\/span><i><span style=\"font-weight: 400;\">Pra tudo come\u00e7ar na quinta-feira<\/span><\/i><span style=\"font-weight: 400;\">: o enredo dos enredos<\/span><i><span style=\"font-weight: 400;\">. <\/span><\/i><span style=\"font-weight: 400;\">Rio de Janeiro: M\u00f3rula, 2015.<\/span><\/p><p><strong>ENTREVISTAS E DEPOIMENTOS:\u00a0<\/strong><\/p>\t\t\t\t\t\t\t\t<\/div>\n\t\t\t\t<\/div>\n\t\t\t\t\t<\/div>\n\t\t\t\t<\/div>\n\t\t\t\t<\/div>\n\t\t","protected":false},"excerpt":{"rendered":"<p>Enredo CARNAVAL 2026 PRA CIMA, CI\u00c7A! ESQUENTA \u2013 ATEN\u00c7\u00c3O, SAPUCA\u00cd! Vai subir! Repique chama, Furac\u00e3o responde!\u00a0 Pra cima&#8230; Marqu\u00eas de Sapuca\u00ed. Palco de homenagens inesquec\u00edveis a not\u00e1veis do nosso tempo. No terreiro maior do Carnaval carioca, construiu-se um tipo originalmente brasileiro de reconhecimento em vida. Atravessar em triunfo toda a extens\u00e3o do Samb\u00f3dromo ao coro [&hellip;]<\/p>\n","protected":false},"author":1,"featured_media":0,"parent":0,"menu_order":0,"comment_status":"closed","ping_status":"closed","template":"elementor_header_footer","meta":{"footnotes":""},"class_list":["post-311","page","type-page","status-publish","hentry"],"_links":{"self":[{"href":"https:\/\/unidosdoviradouro.com\/index.php\/wp-json\/wp\/v2\/pages\/311","targetHints":{"allow":["GET"]}}],"collection":[{"href":"https:\/\/unidosdoviradouro.com\/index.php\/wp-json\/wp\/v2\/pages"}],"about":[{"href":"https:\/\/unidosdoviradouro.com\/index.php\/wp-json\/wp\/v2\/types\/page"}],"author":[{"embeddable":true,"href":"https:\/\/unidosdoviradouro.com\/index.php\/wp-json\/wp\/v2\/users\/1"}],"replies":[{"embeddable":true,"href":"https:\/\/unidosdoviradouro.com\/index.php\/wp-json\/wp\/v2\/comments?post=311"}],"version-history":[{"count":34,"href":"https:\/\/unidosdoviradouro.com\/index.php\/wp-json\/wp\/v2\/pages\/311\/revisions"}],"predecessor-version":[{"id":765,"href":"https:\/\/unidosdoviradouro.com\/index.php\/wp-json\/wp\/v2\/pages\/311\/revisions\/765"}],"wp:attachment":[{"href":"https:\/\/unidosdoviradouro.com\/index.php\/wp-json\/wp\/v2\/media?parent=311"}],"curies":[{"name":"wp","href":"https:\/\/api.w.org\/{rel}","templated":true}]}}