{"id":346,"date":"2025-08-06T18:49:26","date_gmt":"2025-08-06T21:49:26","guid":{"rendered":"https:\/\/unidosdoviradouro.com\/?page_id=346"},"modified":"2025-09-26T19:06:46","modified_gmt":"2025-09-26T22:06:46","slug":"diretoria","status":"publish","type":"page","link":"https:\/\/unidosdoviradouro.com\/index.php\/diretoria\/","title":{"rendered":"Diretoria"},"content":{"rendered":"\t\t<div data-elementor-type=\"wp-page\" data-elementor-id=\"346\" class=\"elementor elementor-346\" data-elementor-post-type=\"page\">\n\t\t\t\t<div class=\"elementor-element elementor-element-a98961e e-flex e-con-boxed e-con e-parent\" data-id=\"a98961e\" data-element_type=\"container\" data-settings=\"{&quot;background_background&quot;:&quot;classic&quot;}\">\n\t\t\t\t\t<div class=\"e-con-inner\">\n\t\t\t\t\t<\/div>\n\t\t\t\t<\/div>\n\t\t<div class=\"elementor-element elementor-element-86d66e9 e-flex e-con-boxed e-con e-parent\" data-id=\"86d66e9\" data-element_type=\"container\" data-settings=\"{&quot;background_background&quot;:&quot;classic&quot;}\">\n\t\t\t\t\t<div class=\"e-con-inner\">\n\t\t\t\t\t<\/div>\n\t\t\t\t<\/div>\n\t\t<div class=\"elementor-element elementor-element-f345e3b e-flex e-con-boxed e-con e-parent\" data-id=\"f345e3b\" data-element_type=\"container\">\n\t\t\t\t\t<div class=\"e-con-inner\">\n\t\t<div class=\"elementor-element elementor-element-884039d e-flex e-con-boxed e-con e-child\" data-id=\"884039d\" data-element_type=\"container\">\n\t\t\t\t\t<div class=\"e-con-inner\">\n\t\t\t\t<div class=\"elementor-element elementor-element-492d70d elementor-widget elementor-widget-heading\" data-id=\"492d70d\" data-element_type=\"widget\" data-widget_type=\"heading.default\">\n\t\t\t\t\t<h2 class=\"elementor-heading-title elementor-size-default\">Diretoria<\/h2>\t\t\t\t<\/div>\n\t\t\t\t\t<\/div>\n\t\t\t\t<\/div>\n\t\t<div class=\"elementor-element elementor-element-a6b6c47 e-con-full e-flex e-con e-child\" data-id=\"a6b6c47\" data-element_type=\"container\">\n\t\t\t\t<div class=\"elementor-element elementor-element-13e87fe elementor-widget elementor-widget-text-editor\" data-id=\"13e87fe\" data-element_type=\"widget\" data-widget_type=\"text-editor.default\">\n\t\t\t\t\t\t\t\t\t<p><b>PRESID\u00caNCIA DE HONRA<br><\/b>MARCELO CALIL PETRUS&nbsp;<br>JOS\u00c9 CARLOS MONASSA (IN MEMORIAM)<\/p>\n<p><b>PRESID\u00caNCIA EXECUTIVA<br><\/b>H\u00c9LIO JOS\u00c9 DE SOUZA NUNES<\/p>\n<p><b>VICE-PRESID\u00caNCIA EXECUTIVA<br><\/b>MORACYR VERGAS DO AMARAL&nbsp;<\/p>\n<p><b>DIRETOR EXECUTIVO<br><\/b>MARCELO CALIL PETRUS FILHO<\/p>\n<p><b>VICE-PRESID\u00caNCIA FINANCEIRA<br><\/b>MARCO ANTONIO RODRIGUES&nbsp;<\/p>\n<p><b>VICE-PRESID\u00caNCIA DE PATRIM\u00d4NIO<br><\/b>GABRIEL DA ENCARNA\u00c7\u00c3O SAIDE DE MELLO<\/p>\n<p><b>VICE-PRESID\u00caNCIA JUR\u00cdDICA<br><\/b>ANTONIO JOS\u00c9 MARCONI DA SILVA&nbsp;<\/p>\n<p><b>VICE-PRESID\u00caNCIA DE RELA\u00c7\u00d5ES P\u00daBLICAS<br><\/b>LUIZ FERNANDO PINTO JORD\u00c3O J\u00daNIOR&nbsp;<\/p>\n<p><b>VICE-PRESID\u00caNCIA MUSICAL<br><\/b>J\u00daLIO DE OLIVEIRA ALVES&nbsp;<\/p>\n<p><b>VICE-PRESID\u00caNCIA DO DEPARTAMENTO FEMININO<br><\/b>FABIANA MAIA SILVA&nbsp;<\/p>\n<p><b>ASSESSORIA DE IMPRENSA<br><\/b>SIMONE FERNANDES<\/p>\n<p><b>COMUNICA\u00c7\u00c3O E MARKETING<br><\/b>VIN\u00cdCIUS XIMENES<\/p>\t\t\t\t\t\t\t\t<\/div>\n\t\t\t\t<\/div>\n\t\t\t\t\t<\/div>\n\t\t\t\t<\/div>\n\t\t\t\t<\/div>\n\t\t","protected":false},"excerpt":{"rendered":"<p>Diretoria PRESID\u00caNCIA DE HONRAMARCELO CALIL PETRUS&nbsp;JOS\u00c9 CARLOS MONASSA (IN MEMORIAM) PRESID\u00caNCIA EXECUTIVAH\u00c9LIO JOS\u00c9 DE SOUZA NUNES VICE-PRESID\u00caNCIA EXECUTIVAMORACYR VERGAS DO AMARAL&nbsp; DIRETOR EXECUTIVOMARCELO CALIL PETRUS FILHO VICE-PRESID\u00caNCIA FINANCEIRAMARCO ANTONIO RODRIGUES&nbsp; VICE-PRESID\u00caNCIA DE PATRIM\u00d4NIOGABRIEL DA ENCARNA\u00c7\u00c3O SAIDE DE MELLO VICE-PRESID\u00caNCIA JUR\u00cdDICAANTONIO JOS\u00c9 MARCONI DA SILVA&nbsp; VICE-PRESID\u00caNCIA DE RELA\u00c7\u00d5ES P\u00daBLICASLUIZ FERNANDO PINTO JORD\u00c3O J\u00daNIOR&nbsp; VICE-PRESID\u00caNCIA MUSICALJ\u00daLIO DE [&hellip;]<\/p>\n","protected":false},"author":1,"featured_media":0,"parent":0,"menu_order":0,"comment_status":"closed","ping_status":"closed","template":"elementor_header_footer","meta":{"footnotes":""},"class_list":["post-346","page","type-page","status-publish","hentry"],"_links":{"self":[{"href":"https:\/\/unidosdoviradouro.com\/index.php\/wp-json\/wp\/v2\/pages\/346","targetHints":{"allow":["GET"]}}],"collection":[{"href":"https:\/\/unidosdoviradouro.com\/index.php\/wp-json\/wp\/v2\/pages"}],"about":[{"href":"https:\/\/unidosdoviradouro.com\/index.php\/wp-json\/wp\/v2\/types\/page"}],"author":[{"embeddable":true,"href":"https:\/\/unidosdoviradouro.com\/index.php\/wp-json\/wp\/v2\/users\/1"}],"replies":[{"embeddable":true,"href":"https:\/\/unidosdoviradouro.com\/index.php\/wp-json\/wp\/v2\/comments?post=346"}],"version-history":[{"count":10,"href":"https:\/\/unidosdoviradouro.com\/index.php\/wp-json\/wp\/v2\/pages\/346\/revisions"}],"predecessor-version":[{"id":723,"href":"https:\/\/unidosdoviradouro.com\/index.php\/wp-json\/wp\/v2\/pages\/346\/revisions\/723"}],"wp:attachment":[{"href":"https:\/\/unidosdoviradouro.com\/index.php\/wp-json\/wp\/v2\/media?parent=346"}],"curies":[{"name":"wp","href":"https:\/\/api.w.org\/{rel}","templated":true}]}}